{"id":20247,"date":"2023-11-14T15:10:52","date_gmt":"2023-11-14T14:10:52","guid":{"rendered":"https:\/\/www.swisstranslate.ch\/pago\/"},"modified":"2024-04-30T09:04:22","modified_gmt":"2024-04-30T07:04:22","slug":"pague-con-seguridad","status":"publish","type":"page","link":"https:\/\/www.swisstranslate.ch\/es\/pague-con-seguridad\/","title":{"rendered":"Pago"},"content":{"rendered":"\t\t<div data-elementor-type=\"wp-page\" data-elementor-id=\"20247\" class=\"elementor elementor-20247 elementor-7659\" data-elementor-post-type=\"page\">\n\t\t\t\t<div class=\"elementor-element elementor-element-4261bbb e-con-full e-flex e-con e-parent\" data-id=\"4261bbb\" data-element_type=\"container\">\n\t\t\t\t<div class=\"elementor-element elementor-element-b797423 elementor-position-left elementor-vertical-align-middle elementor-widget elementor-widget-image-box\" data-id=\"b797423\" data-element_type=\"widget\" data-widget_type=\"image-box.default\">\n\t\t\t\t<div class=\"elementor-widget-container\">\n\t\t\t\t\t<div class=\"elementor-image-box-wrapper\"><figure class=\"elementor-image-box-img\"><img fetchpriority=\"high\" decoding=\"async\" width=\"1920\" height=\"1080\" src=\"https:\/\/www.swisstranslate.ch\/wp-content\/uploads\/2024\/02\/Paiement-min.webp\" class=\"attachment-full size-full wp-image-18002\" alt=\"Paiement - Swisstranslate\" srcset=\"https:\/\/www.swisstranslate.ch\/wp-content\/uploads\/2024\/02\/Paiement-min.webp 1920w, https:\/\/www.swisstranslate.ch\/wp-content\/uploads\/2024\/02\/Paiement-min-300x169.webp 300w, https:\/\/www.swisstranslate.ch\/wp-content\/uploads\/2024\/02\/Paiement-min-1024x576.webp 1024w, https:\/\/www.swisstranslate.ch\/wp-content\/uploads\/2024\/02\/Paiement-min-768x432.webp 768w, https:\/\/www.swisstranslate.ch\/wp-content\/uploads\/2024\/02\/Paiement-min-1536x864.webp 1536w\" sizes=\"(max-width: 1920px) 100vw, 1920px\" \/><\/figure><div class=\"elementor-image-box-content\"><p class=\"elementor-image-box-description\">Facilite sus transacciones con total seguridad: elija su m\u00e9todo de pago y simplifique sus proyectos.\n\n<br><br>\n<nav aria-label=\"breadcrumbs\" class=\"rank-math-breadcrumb\"><p><span class=\"last\">Accueil<\/span><\/p><\/nav><\/p><\/div><\/div>\t\t\t\t<\/div>\n\t\t\t\t<\/div>\n\t\t<div class=\"elementor-element elementor-element-28b7307 e-flex e-con-boxed e-con e-child\" data-id=\"28b7307\" data-element_type=\"container\">\n\t\t\t\t\t<div class=\"e-con-inner\">\n\t\t\t\t<div class=\"elementor-element elementor-element-b7adc4d elementor-widget elementor-widget-text-editor\" data-id=\"b7adc4d\" data-element_type=\"widget\" data-widget_type=\"text-editor.default\">\n\t\t\t\t<div class=\"elementor-widget-container\">\n\t\t\t\t\t\t\t\t\t<p>Bienvenido a nuestra p\u00e1gina de pago seguro, donde su tranquilidad es nuestra prioridad. En Swisstranslate entendemos la importancia de la confidencialidad y la seguridad de sus transacciones. Por eso contamos con procesos de pago s\u00f3lidos y fiables para garantizar que su informaci\u00f3n confidencial est\u00e9 protegida. <\/p>\n<p>Por lo tanto, podr\u00e1 realizar sus pagos con total confianza. <\/p>\n<p>Le agradecemos que haya confiado a nuestra agencia sus necesidades de traducci\u00f3n y estamos aqu\u00ed para brindarle una experiencia de servicio fluida y segura en cada paso del camino.<\/p>\n\t\t\t\t\t\t\t\t<\/div>\n\t\t\t\t<\/div>\n\t\t\t\t<div class=\"elementor-element elementor-element-46294d0 elementor-button-align-center elementor-widget elementor-widget-form\" data-id=\"46294d0\" data-element_type=\"widget\" data-settings=\"{&quot;step_next_label&quot;:&quot;Siguiente&quot;,&quot;step_previous_label&quot;:&quot;Anterior&quot;,&quot;button_width&quot;:&quot;100&quot;,&quot;step_type&quot;:&quot;number_text&quot;,&quot;step_icon_shape&quot;:&quot;circle&quot;}\" data-widget_type=\"form.default\">\n\t\t\t\t<div class=\"elementor-widget-container\">\n\t\t\t\t\t\t\t<form class=\"elementor-form\" method=\"post\" name=\"PAGO\">\n\t\t\t<input type=\"hidden\" name=\"post_id\" value=\"20247\"\/>\n\t\t\t<input type=\"hidden\" name=\"form_id\" value=\"46294d0\"\/>\n\t\t\t<input type=\"hidden\" name=\"referer_title\" value=\"\" \/>\n\n\t\t\t\n\t\t\t<div class=\"elementor-form-fields-wrapper elementor-labels-above\">\n\t\t\t\t\t\t\t\t<div class=\"elementor-field-type-text elementor-field-group elementor-column elementor-field-group-amount elementor-col-50 elementor-field-required\">\n\t\t\t\t\t\t\t\t\t\t\t\t<label for=\"form-field-amount\" class=\"elementor-field-label\">\n\t\t\t\t\t\t\t\tImporte con IVA incluido\t\t\t\t\t\t\t<\/label>\n\t\t\t\t\t\t\t\t\t\t\t\t\t\t<input size=\"1\" type=\"text\" name=\"form_fields[amount]\" id=\"form-field-amount\" class=\"elementor-field elementor-size-lg  elementor-field-textual\" placeholder=\"CHF\" required=\"required\" aria-required=\"true\">\n\t\t\t\t\t\t\t\t\t\t\t<\/div>\n\t\t\t\t\t\t\t\t<div class=\"elementor-field-type-text elementor-field-group elementor-column elementor-field-group-name elementor-col-50 elementor-field-required\">\n\t\t\t\t\t\t\t\t\t\t\t\t<label for=\"form-field-name\" class=\"elementor-field-label\">\n\t\t\t\t\t\t\t\tNombre\/Apellido o Empresa\t\t\t\t\t\t\t<\/label>\n\t\t\t\t\t\t\t\t\t\t\t\t\t\t<input size=\"1\" type=\"text\" name=\"form_fields[name]\" id=\"form-field-name\" class=\"elementor-field elementor-size-lg  elementor-field-textual\" placeholder=\"Nombre\/Apellido o Empresa\" required=\"required\" aria-required=\"true\">\n\t\t\t\t\t\t\t\t\t\t\t<\/div>\n\t\t\t\t\t\t\t\t<div class=\"elementor-field-type-text elementor-field-group elementor-column elementor-field-group-order elementor-col-50 elementor-field-required\">\n\t\t\t\t\t\t\t\t\t\t\t\t<label for=\"form-field-order\" class=\"elementor-field-label\">\n\t\t\t\t\t\t\t\tN\u00famero de presupuesto o factura\t\t\t\t\t\t\t<\/label>\n\t\t\t\t\t\t\t\t\t\t\t\t\t\t<input size=\"1\" type=\"text\" name=\"form_fields[order]\" id=\"form-field-order\" class=\"elementor-field elementor-size-lg  elementor-field-textual\" placeholder=\"N\u00famero de cotizaci\u00f3n (000XXXXX) o factura (INV)\" required=\"required\" aria-required=\"true\">\n\t\t\t\t\t\t\t\t\t\t\t<\/div>\n\t\t\t\t\t\t\t\t<div class=\"elementor-field-type-email elementor-field-group elementor-column elementor-field-group-email elementor-col-50 elementor-field-required\">\n\t\t\t\t\t\t\t\t\t\t\t\t<label for=\"form-field-email\" class=\"elementor-field-label\">\n\t\t\t\t\t\t\t\tDirecci\u00f3n de correo electr\u00f3nico\t\t\t\t\t\t\t<\/label>\n\t\t\t\t\t\t\t\t\t\t\t\t\t\t<input size=\"1\" type=\"email\" name=\"form_fields[email]\" id=\"form-field-email\" class=\"elementor-field elementor-size-lg  elementor-field-textual\" required=\"required\" aria-required=\"true\">\n\t\t\t\t\t\t\t\t\t\t\t<\/div>\n\t\t\t\t\t\t\t\t<div class=\"elementor-field-type-hidden elementor-field-group elementor-column elementor-field-group-url elementor-col-100\">\n\t\t\t\t\t\t\t\t\t\t\t\t\t<input size=\"1\" type=\"hidden\" name=\"form_fields[url]\" id=\"form-field-url\" class=\"elementor-field elementor-size-lg  elementor-field-textual\" value=\"https:\/\/www.swisstranslate.ch\/es\/pague-con-seguridad\/\">\n\t\t\t\t\t\t\t\t\t\t\t<\/div>\n\t\t\t\t\t\t\t\t<div class=\"elementor-field-group elementor-column elementor-field-type-submit elementor-col-100 e-form__buttons\">\n\t\t\t\t\t<button class=\"elementor-button elementor-size-xl\" type=\"submit\">\n\t\t\t\t\t\t<span class=\"elementor-button-content-wrapper\">\n\t\t\t\t\t\t\t\t\t\t\t\t\t\t\t\t\t\t\t\t\t\t<span class=\"elementor-button-text\">Enviar mi pago<\/span>\n\t\t\t\t\t\t\t\t\t\t\t\t\t<\/span>\n\t\t\t\t\t<\/button>\n\t\t\t\t<\/div>\n\t\t\t<\/div>\n\t\t<\/form>\n\t\t\t\t\t\t<\/div>\n\t\t\t\t<\/div>\n\t\t<!-- hidden widget 20247-aa35b76 --><!-- hidden widget 20247-d7e5f8e -->\t\t\t<\/div>\n\t\t\t\t<\/div>\n\t\t\t\t<\/div>\n\t\t\t\t<\/div>\n\t\t","protected":false},"excerpt":{"rendered":"<p>Facilite sus transacciones con total seguridad: elija su m\u00e9todo de pago y simplifique sus proyectos. Bienvenido a nuestra p\u00e1gina de pago seguro, donde su tranquilidad es nuestra prioridad. En Swisstranslate entendemos la importancia de la confidencialidad y la seguridad de sus transacciones. Por eso contamos con procesos de pago s\u00f3lidos y fiables para garantizar que [&hellip;]<\/p>\n","protected":false},"author":1,"featured_media":0,"parent":0,"menu_order":0,"comment_status":"closed","ping_status":"closed","template":"","meta":{"_acf_changed":false,"footnotes":""},"class_list":["post-20247","page","type-page","status-publish","hentry"],"acf":[],"jetpack_sharing_enabled":true,"_links":{"self":[{"href":"https:\/\/www.swisstranslate.ch\/es\/wp-json\/wp\/v2\/pages\/20247","targetHints":{"allow":["GET"]}}],"collection":[{"href":"https:\/\/www.swisstranslate.ch\/es\/wp-json\/wp\/v2\/pages"}],"about":[{"href":"https:\/\/www.swisstranslate.ch\/es\/wp-json\/wp\/v2\/types\/page"}],"author":[{"embeddable":true,"href":"https:\/\/www.swisstranslate.ch\/es\/wp-json\/wp\/v2\/users\/1"}],"replies":[{"embeddable":true,"href":"https:\/\/www.swisstranslate.ch\/es\/wp-json\/wp\/v2\/comments?post=20247"}],"version-history":[{"count":0,"href":"https:\/\/www.swisstranslate.ch\/es\/wp-json\/wp\/v2\/pages\/20247\/revisions"}],"wp:attachment":[{"href":"https:\/\/www.swisstranslate.ch\/es\/wp-json\/wp\/v2\/media?parent=20247"}],"curies":[{"name":"wp","href":"https:\/\/api.w.org\/{rel}","templated":true}]}}