{"id":18548,"date":"2023-01-06T12:17:49","date_gmt":"2023-01-06T11:17:49","guid":{"rendered":"https:\/\/www.swisstranslate.ch\/?page_id=18548"},"modified":"2024-03-12T16:00:04","modified_gmt":"2024-03-12T15:00:04","slug":"datenschutzbestimmungen","status":"publish","type":"page","link":"https:\/\/www.swisstranslate.ch\/de\/datenschutzbestimmungen\/","title":{"rendered":"Datenschutzbestimmungen"},"content":{"rendered":"<h2 class=\"wp-block-heading\">Wer sind wir?<\/h2><p><strong class=\"privacy-policy-tutorial\">Textvorschlag: <\/strong>Die Adresse unserer Website lautet: https:\/\/swisstranslate.moovsit.fr.<\/p><h2 class=\"wp-block-heading\">Kommentare<\/h2><p><strong class=\"privacy-policy-tutorial\">Textvorschlag<\/strong>: Wenn Sie einen Kommentar auf unserer Website hinterlassen, werden die in das Kommentarformular eingetragenen Daten sowie Ihre IP-Adresse und der User Agent Ihres Browsers gesammelt, um uns bei der Erkennung unerw\u00fcnschter Kommentare zu helfen.<\/p><p>Eine aus Ihrer E-Mail Adresse erstellte anonymisierte Zeichenfolge (auch Hashtag genannt) kann an den Gravatar-Dienst gesendet werden, um zu \u00fcberpr\u00fcfen, ob Sie diesen nutzen. Die Datenschutzbestimmungen des Gravatar-Dienstes finden Sie hier: https:\/\/automattic.com\/privacy\/. Nachdem Sie Ihren Kommentar freigeschaltet haben, wird Ihr Profilbild neben Ihrem Kommentar \u00f6ffentlich sichtbar sein.<\/p><h2 class=\"wp-block-heading\">Medien<\/h2><p><strong class=\"privacy-policy-tutorial\">Textvorschlag<\/strong>: Wenn Sie Bilder auf die Website hochladen, empfehlen wir Ihnen, keine Bilder hochzuladen, die EXIF-Daten von GPS-Koordinaten enthalten. Personen, die Ihre Website besuchen, k\u00f6nnen Standortdaten aus diesen Bildern herunterladen und extrahieren.<\/p><h2 class=\"wp-block-heading\">Cookies<\/h2><p><strong class=\"privacy-policy-tutorial\">Textvorschlag: <\/strong>Wenn Sie einen Kommentar auf unserer Seite abgeben, wird Ihnen angeboten, Ihren Namen, Ihre E-Mail Adresse und Ihren Standort in den Cookies zu speichern. Dies dient lediglich Ihrer Bequemlichkeit, damit Sie diese Informationen nicht eingeben m\u00fcssen, wenn Sie sp\u00e4ter einen Kommentar abgeben. Diese Cookies laufen nach einem Jahr ab.<\/p><p>Wenn Sie die Anmeldeseite aufrufen, wird ein tempor\u00e4res Cookie erstellt, um festzustellen, ob Ihr Browser Cookies akzeptiert. Es enth\u00e4lt keine personenbezogenen Daten und wird automatisch gel\u00f6scht, wenn Sie Ihren Browser schlie\u00dfen.<\/p><p>Wenn Sie sich anmelden, setzen wir eine Reihe von Cookies, um Ihre Anmeldeinformationen und Bildschirmeinstellungen zu speichern. Die Lebensdauer eines Anmeldecookies betr\u00e4gt 2 Tage, die eines Bildschirmoptionscookies ein Jahr. Wenn Sie &#8220;an mich erinnern&#8221; ankreuzen, wir Ihr Anmeldecookie zwei Wochen lang gespeichert. Wenn Sie sich von Ihrem Konto abmelden, wird das Anmeldecookie gel\u00f6scht.<\/p><p>Wenn Sie einen Beitrag bearbeiten oder ver\u00f6ffentlichen, wird ein zus\u00e4tzliches Cookie in Ihrem Browser gespeichert. Dieses Cookie enth\u00e4lt keine personenbezogenen Daten. Es gibt lediglich die ID des Beitrags an, den Sie ver\u00e4ndern m\u00f6chten. Es l\u00e4uft nach einem Tag ab.<\/p><h2 class=\"wp-block-heading\">Von anderen Webistes eingebettete Inhalte<\/h2><p><strong class=\"privacy-policy-tutorial\">Textvorschlag: <\/strong>Die Artikel auf dieser Website k\u00f6nnen eingebettete Inhalte (z.B. Videos, Bilder, Artikel\u2026) einschlie\u00dfen. Inhalte, die von anderen Websites eingebettet werden, verhalten sich so, als w\u00fcrde der Besucher diese andere Website besuchen.<\/p><p>Diese Websites k\u00f6nnten Daten \u00fcber Sie sammeln, Cookies verwenden, Tracking-Tools von Drittanbietern einbetten und Ihre Interaktionen mit diesen eingebetteten Inhalten verfolgen, wenn Sie ein angemeldetes Konto auf ihrer Website haben.<\/p><h2 class=\"wp-block-heading\">Verwendung und Weitergabe Ihrer personenbezogenen Daten<\/h2><p><strong class=\"privacy-policy-tutorial\">Textvorschlag<\/strong>: Wenn Sie ein Zur\u00fccksetzen Ihres Passworts anfordern, wird Ihre IP-Adresse in der E-Mail zum Zur\u00fccksetzen des Passworts enthalten sein.<\/p><h2 class=\"wp-block-heading\">Speicherfristen f\u00fcr Ihre Daten<\/h2><p><strong class=\"privacy-policy-tutorial\">Textvorschlag<\/strong>: Wenn Sie einen Kommentar hinterlassen, werden der Kommentar und die Metadaten auf unbestimmte Zeit gespeichert. Dadurch werden nachfolgende Kommentare automatisch erkannt und genehmigt, anstatt sie in der Moderationsspur zu belassen.<\/p><p>F\u00fcr Konten, die sich auf unserer Website registrieren (falls zutreffend), speichern wir auch die in Ihrem Profil angegebenen personenbezogenen Daten. Alle Konten k\u00f6nnen ihre pers\u00f6nlichen Informationen jederzeit einsehen, \u00e4ndern oder l\u00f6schen (mit Ausnahme ihres Benutzernamens). Auch die Verwalter der Website k\u00f6nnen dies Informationen einsehen und \u00e4ndern.<\/p><h2 class=\"wp-block-heading\">Die Rechte, die Sie \u00fcber Ihre Daten haben<\/h2><p><strong class=\"privacy-policy-tutorial\">Textvorschlag: <\/strong>Wenn Sie ein Konto haben oder Kommentare auf der Website hinterlassen haben, k\u00f6nnen Sie eine Datei anfordern, die alle personenbezogenen Daten enth\u00e4lt, die wir \u00fcber Sie haben, einschlie\u00dflich der Daten, die Sie uns zur Verf\u00fcgung gestellt haben. Sie k\u00f6nnen auch die L\u00f6schung Ihrer personenbezogenen Daten verlangen. Dies gilt nicht f\u00fcr Daten, die f\u00fcr administrative, rechtliche oder Sicherheitszwecke gespeichert werden.<\/p><h2 class=\"wp-block-heading\">\u00dcbermittlung Ihrer personenbezogenen Daten<\/h2><p><strong class=\"privacy-policy-tutorial\">Textvorschlag: <\/strong>Die Kommentare von Besuchern k\u00f6nnen mit einem automatisierten Dienst zur Erkennung unerw\u00fcnschter Kommentare \u00fcberpr\u00fcft werden.<\/p>","protected":false},"excerpt":{"rendered":"<p>Wer sind wir? Textvorschlag: Die Adresse unserer Website lautet: https:\/\/swisstranslate.moovsit.fr. Kommentare Textvorschlag: Wenn Sie einen Kommentar auf unserer Website hinterlassen, werden die in das Kommentarformular eingetragenen Daten sowie Ihre IP-Adresse und der User Agent Ihres Browsers gesammelt, um uns bei der Erkennung unerw\u00fcnschter Kommentare zu helfen. Eine aus Ihrer E-Mail Adresse erstellte anonymisierte Zeichenfolge (auch [&hellip;]<\/p>\n","protected":false},"author":1,"featured_media":0,"parent":0,"menu_order":0,"comment_status":"closed","ping_status":"open","template":"","meta":{"_acf_changed":false,"footnotes":""},"class_list":["post-18548","page","type-page","status-publish","hentry"],"acf":[],"jetpack_sharing_enabled":true,"_links":{"self":[{"href":"https:\/\/www.swisstranslate.ch\/de\/wp-json\/wp\/v2\/pages\/18548","targetHints":{"allow":["GET"]}}],"collection":[{"href":"https:\/\/www.swisstranslate.ch\/de\/wp-json\/wp\/v2\/pages"}],"about":[{"href":"https:\/\/www.swisstranslate.ch\/de\/wp-json\/wp\/v2\/types\/page"}],"author":[{"embeddable":true,"href":"https:\/\/www.swisstranslate.ch\/de\/wp-json\/wp\/v2\/users\/1"}],"replies":[{"embeddable":true,"href":"https:\/\/www.swisstranslate.ch\/de\/wp-json\/wp\/v2\/comments?post=18548"}],"version-history":[{"count":0,"href":"https:\/\/www.swisstranslate.ch\/de\/wp-json\/wp\/v2\/pages\/18548\/revisions"}],"wp:attachment":[{"href":"https:\/\/www.swisstranslate.ch\/de\/wp-json\/wp\/v2\/media?parent=18548"}],"curies":[{"name":"wp","href":"https:\/\/api.w.org\/{rel}","templated":true}]}}